{"id":1117,"date":"2022-12-25T14:16:44","date_gmt":"2022-12-25T10:46:44","guid":{"rendered":"https:\/\/rozarsanrug.com\/about\/"},"modified":"2023-07-20T18:42:42","modified_gmt":"2023-07-20T14:12:42","slug":"about","status":"publish","type":"page","link":"https:\/\/rozarsanrug.com\/tr\/about\/","title":{"rendered":"Hakk\u0131m\u0131zda"},"content":{"rendered":"\t\t<div data-elementor-type=\"wp-page\" data-elementor-id=\"1117\" class=\"elementor elementor-1117\" data-elementor-post-type=\"page\">\n\t\t\t\t<div class=\"elementor-element elementor-element-546ac97 e-flex e-con-boxed e-con e-parent\" data-id=\"546ac97\" data-element_type=\"container\" data-settings=\"{&quot;background_background&quot;:&quot;classic&quot;}\">\n\t\t\t\t\t<div class=\"e-con-inner\">\n\t\t<div class=\"elementor-element elementor-element-1d4d101 e-con-full e-flex e-con e-parent\" data-id=\"1d4d101\" data-element_type=\"container\">\n\t\t\t\t<div class=\"elementor-element elementor-element-a47045d elementor-widget__width-inherit elementor-widget elementor-widget-heading\" data-id=\"a47045d\" data-element_type=\"widget\" data-widget_type=\"heading.default\">\n\t\t\t\t<div class=\"elementor-widget-container\">\n\t\t\t\t\t<h2 class=\"elementor-heading-title elementor-size-default\">hakk\u0131nda Noyan\n<\/h2>\t\t\t\t<\/div>\n\t\t\t\t<\/div>\n\t\t\t\t<div class=\"elementor-element elementor-element-58eac9c elementor-widget elementor-widget-text-editor\" data-id=\"58eac9c\" data-element_type=\"widget\" data-widget_type=\"text-editor.default\">\n\t\t\t\t<div class=\"elementor-widget-container\">\n\t\t\t\t\t\t\t\t\tBayan Raheleh Zolfipur(Rahile Z\u00fclfipur) genel m\u00fcd\u00fcrl\u00fc\u011f\u00fcndeki Noyan Tab Riz \u015eirketi, Tebriz hal\u0131lar\u0131n\u0131n tasar\u0131m\u0131nda 20 y\u0131ll\u0131k tasar\u0131m ge\u00e7mi\u015fiyle, palet tasar\u0131m\u0131, \u00fcr\u00fcn tan\u0131m\u0131(materyal ve hal\u0131da kullan\u0131m\u0131 tan\u0131m\u0131) alan\u0131ndaki kariyeriyle bu alandaki \u00fcr\u00fcnleri ve hizmetlerini \u00fcr\u00fcn olarak \u0130ran ve d\u00fcnya piyasalar\u0131na sunmaya karar verdi. Bu \u015firketin en \u00f6nemli ve en belirgin \u00f6zelli\u011fi \u0130ran ve d\u00fcnya hal\u0131 pazarlar\u0131nda e\u015fsiz ve ayr\u0131cal\u0131kl\u0131 olmas\u0131d\u0131r. En l\u00fcks ve en g\u00fcncel hal\u0131lar bu \u015firketin aral\u0131ks\u0131z \u00e7al\u0131\u015fmalar\u0131 ile hal\u0131 pazarlar\u0131na sunulmu\u015ftur.\n\n\t\t\t\t\t\t\t\t<\/div>\n\t\t\t\t<\/div>\n\t\t\t\t<\/div>\n\t\t<div class=\"elementor-element elementor-element-4081837 e-con-full e-flex e-con e-parent\" data-id=\"4081837\" data-element_type=\"container\">\n\t\t\t\t<div class=\"elementor-element elementor-element-64ed60f elementor-widget elementor-widget-image\" data-id=\"64ed60f\" data-element_type=\"widget\" data-widget_type=\"image.default\">\n\t\t\t\t<div class=\"elementor-widget-container\">\n\t\t\t\t\t\t\t\t\t\t\t\t\t\t\t<img fetchpriority=\"high\" decoding=\"async\" width=\"667\" height=\"1000\" src=\"https:\/\/rozarsanrug.com\/wp-content\/uploads\/2023\/07\/about.jpg\" class=\"attachment-full size-full wp-image-1101\" alt=\"\" srcset=\"https:\/\/rozarsanrug.com\/wp-content\/uploads\/2023\/07\/about.jpg 667w, https:\/\/rozarsanrug.com\/wp-content\/uploads\/2023\/07\/about-200x300.jpg 200w\" sizes=\"(max-width: 667px) 100vw, 667px\" \/>\t\t\t\t\t\t\t\t\t\t\t\t\t\t\t<\/div>\n\t\t\t\t<\/div>\n\t\t\t\t<\/div>\n\t\t<div class=\"elementor-element elementor-element-9d55617 e-con-full e-flex e-con e-parent\" data-id=\"9d55617\" data-element_type=\"container\">\n\t\t\t\t<div class=\"elementor-element elementor-element-098abbe elementor-widget elementor-widget-image\" data-id=\"098abbe\" data-element_type=\"widget\" data-widget_type=\"image.default\">\n\t\t\t\t<div class=\"elementor-widget-container\">\n\t\t\t\t\t\t\t\t\t\t\t\t\t\t\t<img decoding=\"async\" width=\"667\" height=\"1000\" src=\"https:\/\/rozarsanrug.com\/wp-content\/uploads\/2023\/07\/about2.jpg\" class=\"attachment-full size-full wp-image-1106\" alt=\"\" srcset=\"https:\/\/rozarsanrug.com\/wp-content\/uploads\/2023\/07\/about2.jpg 667w, https:\/\/rozarsanrug.com\/wp-content\/uploads\/2023\/07\/about2-200x300.jpg 200w\" sizes=\"(max-width: 667px) 100vw, 667px\" \/>\t\t\t\t\t\t\t\t\t\t\t\t\t\t\t<\/div>\n\t\t\t\t<\/div>\n\t\t\t\t<\/div>\n\t\t<div class=\"elementor-element elementor-element-84b5ee2 e-con-full e-flex e-con e-parent\" data-id=\"84b5ee2\" data-element_type=\"container\">\n\t\t\t\t<div class=\"elementor-element elementor-element-3502c97 elementor-widget elementor-widget-text-editor\" data-id=\"3502c97\" data-element_type=\"widget\" data-widget_type=\"text-editor.default\">\n\t\t\t\t<div class=\"elementor-widget-container\">\n\t\t\t\t\t\t\t\t\t<p>Bu \u015firket Noyan ve Kal\u0131n markalar\u0131yla sentetik hal\u0131 alan\u0131nda faaliyetlerine ba\u015flam\u0131\u015f ard\u0131ndan 2020 ve 2021 y\u0131l\u0131nda Noyan markas\u0131yla en l\u00fcks \u00fcr\u00fcnleri pazarlara sunmu\u015ftur. Almanya\u2019da Uluslararas\u0131 DOMOTEX Fuar\u0131nda bulunmak bu \u015firketin sentetik \u00fcr\u00fcnlerinin d\u00fcnyada b\u00fcy\u00fck bir paya sahip olmas\u0131na yol a\u00e7t\u0131. \u015eirket 2020 y\u0131l\u0131nda Rose markal\u0131 hal\u0131s\u0131n\u0131 tescil ettirerek en b\u00fcy\u00fck sentetik hal\u0131 \u015firketlerinden biri haline geldi. Bu \u015firket farkl\u0131 tasar\u0131mlar, renkler ve materyallerde, farkl\u0131 yo\u011funluklar ve s\u0131kl\u0131klarda \u00e7e\u015fitli hal\u0131lar \u00fcretmektedir. B\u00f6ylece \u015firketimizin ad\u0131na g\u00fc\u00e7l\u00fc bir d\u00f6nemin ba\u015flad\u0131\u011f\u0131n\u0131 s\u00f6ylemek m\u00fcmk\u00fcn.<\/p><p>\u00a0<\/p>\t\t\t\t\t\t\t\t<\/div>\n\t\t\t\t<\/div>\n\t\t\t\t<\/div>\n\t\t\t\t\t<\/div>\n\t\t\t\t<\/div>\n\t\t\t\t<\/div>\n\t\t","protected":false},"excerpt":{"rendered":"<p>hakk\u0131nda Noyan Bayan Raheleh Zolfipur(Rahile Z\u00fclfipur) genel m\u00fcd\u00fcrl\u00fc\u011f\u00fcndeki Noyan Tab Riz \u015eirketi, Tebriz hal\u0131lar\u0131n\u0131n tasar\u0131m\u0131nda 20 y\u0131ll\u0131k tasar\u0131m ge\u00e7mi\u015fiyle, palet tasar\u0131m\u0131, \u00fcr\u00fcn tan\u0131m\u0131(materyal ve hal\u0131da kullan\u0131m\u0131 tan\u0131m\u0131) alan\u0131ndaki kariyeriyle bu alandaki \u00fcr\u00fcnleri ve hizmetlerini \u00fcr\u00fcn olarak \u0130ran ve d\u00fcnya piyasalar\u0131na sunmaya karar verdi. Bu \u015firketin en \u00f6nemli ve en belirgin \u00f6zelli\u011fi \u0130ran ve d\u00fcnya hal\u0131 [&hellip;]<\/p>\n","protected":false},"author":1,"featured_media":0,"parent":0,"menu_order":0,"comment_status":"closed","ping_status":"closed","template":"","meta":{"footnotes":""},"class_list":["post-1117","page","type-page","status-publish","hentry"],"_links":{"self":[{"href":"https:\/\/rozarsanrug.com\/tr\/wp-json\/wp\/v2\/pages\/1117","targetHints":{"allow":["GET"]}}],"collection":[{"href":"https:\/\/rozarsanrug.com\/tr\/wp-json\/wp\/v2\/pages"}],"about":[{"href":"https:\/\/rozarsanrug.com\/tr\/wp-json\/wp\/v2\/types\/page"}],"author":[{"embeddable":true,"href":"https:\/\/rozarsanrug.com\/tr\/wp-json\/wp\/v2\/users\/1"}],"replies":[{"embeddable":true,"href":"https:\/\/rozarsanrug.com\/tr\/wp-json\/wp\/v2\/comments?post=1117"}],"version-history":[{"count":3,"href":"https:\/\/rozarsanrug.com\/tr\/wp-json\/wp\/v2\/pages\/1117\/revisions"}],"predecessor-version":[{"id":1123,"href":"https:\/\/rozarsanrug.com\/tr\/wp-json\/wp\/v2\/pages\/1117\/revisions\/1123"}],"wp:attachment":[{"href":"https:\/\/rozarsanrug.com\/tr\/wp-json\/wp\/v2\/media?parent=1117"}],"curies":[{"name":"wp","href":"https:\/\/api.w.org\/{rel}","templated":true}]}}